{"id":7,"date":"2024-10-03T17:11:47","date_gmt":"2024-10-03T15:11:47","guid":{"rendered":"http:\/\/localhost:8888\/?page_id=7"},"modified":"2025-09-26T16:39:15","modified_gmt":"2025-09-26T14:39:15","slug":"historique","status":"publish","type":"page","link":"https:\/\/www.copiepresse.be\/?page_id=7","title":{"rendered":"Historique et organisation"},"content":{"rendered":"<div class=\"fusion-fullwidth fullwidth-box fusion-builder-row-1 fusion-flex-container has-pattern-background has-mask-background nonhundred-percent-fullwidth non-hundred-percent-height-scrolling\" style=\"--awb-border-radius-top-left:0px;--awb-border-radius-top-right:0px;--awb-border-radius-bottom-right:0px;--awb-border-radius-bottom-left:0px;--awb-flex-wrap:wrap;\" ><div class=\"fusion-builder-row fusion-row fusion-flex-align-items-flex-start fusion-flex-content-wrap\" style=\"max-width:1216.8px;margin-left: calc(-4% \/ 2 );margin-right: calc(-4% \/ 2 );\"><div class=\"fusion-layout-column fusion_builder_column fusion-builder-column-0 fusion_builder_column_1_1 1_1 fusion-flex-column\" style=\"--awb-bg-size:cover;--awb-width-large:100%;--awb-margin-top-large:0px;--awb-spacing-right-large:1.92%;--awb-margin-bottom-large:20px;--awb-spacing-left-large:1.92%;--awb-width-medium:100%;--awb-order-medium:0;--awb-spacing-right-medium:1.92%;--awb-spacing-left-medium:1.92%;--awb-width-small:100%;--awb-order-small:0;--awb-spacing-right-small:1.92%;--awb-spacing-left-small:1.92%;\"><div class=\"fusion-column-wrapper fusion-column-has-shadow fusion-flex-justify-content-flex-start fusion-content-layout-column\"><div class=\"fusion-text fusion-text-1\"><p>Le 31 mars 2000, les \u00e9diteurs de presse quotidienne francophone et germanophone, regroup\u00e9s au sein de la scrl Les Journaux Francophones Belges, ont cr\u00e9\u00e9 la soci\u00e9t\u00e9 civile sous forme de soci\u00e9t\u00e9 coop\u00e9rative Copiepresse. Elle est inscrite au Registre des Personnes Morales de Bruxelles et dispose du num\u00e9ro de TVA BE 0471 612 218. Elle a \u00e9t\u00e9 agr\u00e9\u00e9e par les arr\u00eat\u00e9s minist\u00e9riels des 14 f\u00e9vrier 2000 et <a style=\"color: var(--awb-color4);\" href=\"\/wp-content\/uploads\/2025\/01\/Copiepresse_arrete_ministeriel_20_juin_2003.pdf\" target=\"_blank\" rel=\"noopener noreferrer\">20 juin 2003<\/a> et est soumise \u00e0 la supervision du Service de Contr\u00f4le des soci\u00e9t\u00e9s de gestion de droits du SPF Economie.<\/p>\n<p>L\u2019Assembl\u00e9e g\u00e9n\u00e9rale est constitu\u00e9e de l\u2019ensemble des \u00e9diteurs membres. Ceux-ci sont \u00e9galement tous repr\u00e9sent\u00e9s au sein du Conseil d\u2019administration, par le biais de mandats \u00e0 titre gratuit.<\/p>\n<p>Le Conseil d\u2019administration est compos\u00e9 des repr\u00e9sentants suivants :<\/p>\n<p>Guillaume Collard (pour Rossel et Cie SA et Groupe Sudmedia SA), Pr\u00e9sident<br \/>\nNicolas Van Cutsem (pour IPM Group SA), Vice-Pr\u00e9sident<br \/>\nEliane Beaufays (pour les Editions de l\u2019Avenir Presse SRL)<br \/>\nHilde Vandenbroeck (pour Mediafin SA)<br \/>\nOlivier Verdin (pour Grenz-Echo SA)<\/p>\n<p>La gestion quotidienne de la soci\u00e9t\u00e9 est assur\u00e9e par l\u2019\u00e9quipe de la <a style=\"color: var(--awb-color4);\" href=\"https:\/\/www.lapresse.be\/\" target=\"_blank\" rel=\"noopener noreferrer\">SC LA PRESSE.be<\/a>, sous la houlette de sa Secr\u00e9taire g\u00e9n\u00e9rale Catherine Anciaux.<\/p>\n<p>N&rsquo;h\u00e9sitez pas \u00e0 contacter Ann Philips, Juriste, \u00e0 l&rsquo;adresse suivante: <a style=\"color: var(--awb-color4);\" href=\"mailto:info@copiepresse.be\">info@copiepresse.be<\/a><\/p>\n<\/div><\/div><\/div><\/div><\/div>\n","protected":false},"excerpt":{"rendered":"","protected":false},"author":1,"featured_media":0,"parent":0,"menu_order":0,"comment_status":"closed","ping_status":"closed","template":"100-width.php","meta":{"footnotes":""},"class_list":["post-7","page","type-page","status-publish","hentry"],"_links":{"self":[{"href":"https:\/\/www.copiepresse.be\/index.php?rest_route=\/wp\/v2\/pages\/7","targetHints":{"allow":["GET"]}}],"collection":[{"href":"https:\/\/www.copiepresse.be\/index.php?rest_route=\/wp\/v2\/pages"}],"about":[{"href":"https:\/\/www.copiepresse.be\/index.php?rest_route=\/wp\/v2\/types\/page"}],"author":[{"embeddable":true,"href":"https:\/\/www.copiepresse.be\/index.php?rest_route=\/wp\/v2\/users\/1"}],"replies":[{"embeddable":true,"href":"https:\/\/www.copiepresse.be\/index.php?rest_route=%2Fwp%2Fv2%2Fcomments&post=7"}],"version-history":[{"count":9,"href":"https:\/\/www.copiepresse.be\/index.php?rest_route=\/wp\/v2\/pages\/7\/revisions"}],"predecessor-version":[{"id":5949,"href":"https:\/\/www.copiepresse.be\/index.php?rest_route=\/wp\/v2\/pages\/7\/revisions\/5949"}],"wp:attachment":[{"href":"https:\/\/www.copiepresse.be\/index.php?rest_route=%2Fwp%2Fv2%2Fmedia&parent=7"}],"curies":[{"name":"wp","href":"https:\/\/api.w.org\/{rel}","templated":true}]}}