{"id":5831,"date":"2025-02-28T14:42:07","date_gmt":"2025-02-28T13:42:07","guid":{"rendered":"https:\/\/www.copiepresse.be\/?page_id=5831"},"modified":"2025-09-26T16:46:55","modified_gmt":"2025-09-26T14:46:55","slug":"formulaire-de-plainte","status":"publish","type":"page","link":"https:\/\/www.copiepresse.be\/?page_id=5831","title":{"rendered":"Plainte"},"content":{"rendered":"<div class=\"fusion-fullwidth fullwidth-box fusion-builder-row-1 fusion-flex-container has-pattern-background has-mask-background nonhundred-percent-fullwidth non-hundred-percent-height-scrolling\" style=\"--awb-border-radius-top-left:0px;--awb-border-radius-top-right:0px;--awb-border-radius-bottom-right:0px;--awb-border-radius-bottom-left:0px;--awb-flex-wrap:wrap;\" ><div class=\"fusion-builder-row fusion-row fusion-flex-align-items-flex-start fusion-flex-content-wrap\" style=\"max-width:1216.8px;margin-left: calc(-4% \/ 2 );margin-right: calc(-4% \/ 2 );\"><div class=\"fusion-layout-column fusion_builder_column fusion-builder-column-0 fusion_builder_column_1_1 1_1 fusion-flex-column\" style=\"--awb-bg-blend:overlay;--awb-bg-size:cover;--awb-width-large:100%;--awb-margin-top-large:0px;--awb-spacing-right-large:1.92%;--awb-margin-bottom-large:0px;--awb-spacing-left-large:1.92%;--awb-width-medium:100%;--awb-spacing-right-medium:1.92%;--awb-spacing-left-medium:1.92%;--awb-width-small:100%;--awb-spacing-right-small:1.92%;--awb-spacing-left-small:1.92%;\"><div class=\"fusion-column-wrapper fusion-flex-justify-content-flex-start fusion-content-layout-column\"><div class=\"fusion-text fusion-text-1\"><p>Toute r\u00e9clamation ou plainte doit \u00eatre formul\u00e9e par courrier postal \u00e0 l\u2019adresse du si\u00e8ge social (Copiepresse SC, rue Royale 100 \u00e0 1000 Bruxelles) ou par email \u00e0 <a href=\"mailto:info@copiepresse.be\">info@copiepresse.be<\/a><\/p>\n<p>Dans les deux hypoth\u00e8ses, le plaignant recevra une confirmation \u00e9crite de l\u2019enregistrement de sa plainte. La plainte sera examin\u00e9e par l\u2019Organe d\u2019administration dans le d\u00e9lai d\u2019un mois qui suit sa r\u00e9ception. Ce d\u00e9lai de traitement pourra \u00eatre, en cas de motifs exceptionnels d\u00fbment motiv\u00e9s, prolong\u00e9 de maximum un mois. L\u2019organe d\u2019administration communiquera sa r\u00e9ponse au plaignant par \u00e9crit (sur tout support). Si l\u2019Organe d&rsquo;administration rejette la plainte, le plaignant peut s\u2019adresser au Service de Contr\u00f4le des soci\u00e9t\u00e9s de gestion de droits d\u2019auteur afin de lui faire \u00e9tat de la situation.<\/p>\n<\/div><\/div><\/div><\/div><\/div>\n","protected":false},"excerpt":{"rendered":"","protected":false},"author":1,"featured_media":0,"parent":0,"menu_order":0,"comment_status":"closed","ping_status":"closed","template":"","meta":{"footnotes":""},"class_list":["post-5831","page","type-page","status-publish","hentry"],"_links":{"self":[{"href":"https:\/\/www.copiepresse.be\/index.php?rest_route=\/wp\/v2\/pages\/5831","targetHints":{"allow":["GET"]}}],"collection":[{"href":"https:\/\/www.copiepresse.be\/index.php?rest_route=\/wp\/v2\/pages"}],"about":[{"href":"https:\/\/www.copiepresse.be\/index.php?rest_route=\/wp\/v2\/types\/page"}],"author":[{"embeddable":true,"href":"https:\/\/www.copiepresse.be\/index.php?rest_route=\/wp\/v2\/users\/1"}],"replies":[{"embeddable":true,"href":"https:\/\/www.copiepresse.be\/index.php?rest_route=%2Fwp%2Fv2%2Fcomments&post=5831"}],"version-history":[{"count":5,"href":"https:\/\/www.copiepresse.be\/index.php?rest_route=\/wp\/v2\/pages\/5831\/revisions"}],"predecessor-version":[{"id":5952,"href":"https:\/\/www.copiepresse.be\/index.php?rest_route=\/wp\/v2\/pages\/5831\/revisions\/5952"}],"wp:attachment":[{"href":"https:\/\/www.copiepresse.be\/index.php?rest_route=%2Fwp%2Fv2%2Fmedia&parent=5831"}],"curies":[{"name":"wp","href":"https:\/\/api.w.org\/{rel}","templated":true}]}}