{"id":5239,"date":"2024-10-04T08:48:14","date_gmt":"2024-10-04T06:48:14","guid":{"rendered":"http:\/\/localhost:8888\/?page_id=5239"},"modified":"2025-12-17T13:00:15","modified_gmt":"2025-12-17T12:00:15","slug":"repertoire-et-tarifs","status":"publish","type":"page","link":"https:\/\/www.copiepresse.be\/?page_id=5239","title":{"rendered":"R\u00e9pertoires et tarifs"},"content":{"rendered":"<div class=\"fusion-fullwidth fullwidth-box fusion-builder-row-1 fusion-flex-container nonhundred-percent-fullwidth non-hundred-percent-height-scrolling\" style=\"--awb-border-radius-top-left:0px;--awb-border-radius-top-right:0px;--awb-border-radius-bottom-right:0px;--awb-border-radius-bottom-left:0px;--awb-flex-wrap:wrap;\" ><div class=\"fusion-builder-row fusion-row fusion-flex-align-items-flex-start fusion-flex-content-wrap\" style=\"max-width:1216.8px;margin-left: calc(-4% \/ 2 );margin-right: calc(-4% \/ 2 );\"><div class=\"fusion-layout-column fusion_builder_column fusion-builder-column-0 fusion_builder_column_1_1 1_1 fusion-flex-column\" style=\"--awb-bg-blend:overlay;--awb-bg-size:cover;--awb-width-large:100%;--awb-margin-top-large:0px;--awb-spacing-right-large:1.92%;--awb-margin-bottom-large:0px;--awb-spacing-left-large:1.92%;--awb-width-medium:100%;--awb-spacing-right-medium:1.92%;--awb-spacing-left-medium:1.92%;--awb-width-small:100%;--awb-spacing-right-small:1.92%;--awb-spacing-left-small:1.92%;\"><div class=\"fusion-column-wrapper fusion-flex-justify-content-flex-start fusion-content-layout-column\"><div class=\"fusion-text fusion-text-1\"><\/p>\n<p>Vous pouvez acc\u00e9der aux tarifs fix\u00e9s par les \u00e9diteurs qui ont confi\u00e9 \u00e0 Copiepresse la gestion de leur droits secondaires en t\u00e9l\u00e9chargeant les PDFs repris ci-dessous. Ces documents sont r\u00e9guli\u00e8rement mis \u00e0 jour sur la base des modifications d\u00e9cid\u00e9es par les \u00e9diteurs. En effet, les tarifs sont d\u00e9termin\u00e9s par les \u00e9diteurs eux-m\u00eames en vertu de leur droit exclusif et sont soumis \u00e0 l&rsquo;approbation du Service de Contr\u00f4le des soci\u00e9t\u00e9s de gestion de droits d&rsquo;auteur et de droits voisins.<\/p>\n<p>&nbsp;<\/p>\n<p><strong><u>R\u00e9pertoires et Tarifs de Copiepresse:<\/u><\/strong><\/p>\n<p>&nbsp;<\/p>\n<blockquote>\n<p><img decoding=\"async\" class=\"lazyload alignleft  wp-image-5334\" style=\"letter-spacing: 0.285px;\" src=\"https:\/\/www.copiepresse.be\/wp-content\/uploads\/2025\/01\/PDF_file_icon.svg.png\" data-orig-src=\"https:\/\/www.copiepresse.be\/wp-content\/uploads\/2025\/01\/PDF_file_icon.svg.png\" alt=\"\" width=\"36\" height=\"45\" srcset=\"data:image\/svg+xml,%3Csvg%20xmlns%3D%27http%3A%2F%2Fwww.w3.org%2F2000%2Fsvg%27%20width%3D%2736%27%20height%3D%2745%27%20viewBox%3D%270%200%2036%2045%27%3E%3Crect%20width%3D%2736%27%20height%3D%2745%27%20fill-opacity%3D%220%22%2F%3E%3C%2Fsvg%3E\" data-srcset=\"https:\/\/www.copiepresse.be\/wp-content\/uploads\/2025\/01\/PDF_file_icon.svg-200x246.png 200w, https:\/\/www.copiepresse.be\/wp-content\/uploads\/2025\/01\/PDF_file_icon.svg-244x300.png 244w, https:\/\/www.copiepresse.be\/wp-content\/uploads\/2025\/01\/PDF_file_icon.svg.png 400w\" data-sizes=\"auto\" data-orig-sizes=\"(max-width: 36px) 100vw, 36px\" \/><\/p>\n<p><a href=\"https:\/\/www.copiepresse.be\/wp-content\/uploads\/2025\/09\/Tarif-Copiepresse-01.01.2026-Def_Sans-TC.pdf\">Tarifs g\u00e9n\u00e9raux de la presse quotidienne francophone et germanophone belge \u00e0 partir de 2026 (NOUVEAUX TARIFS).<\/a><\/p>\n<p>&nbsp;<\/p>\n<\/blockquote>\n<blockquote>\n<p><a href=\"\/wp-content\/uploads\/2025\/01\/Tarifs-Copiepresse-2023.pdf\" target=\"_blank\" rel=\"noopener noreferrer\"><img decoding=\"async\" class=\"lazyload alignleft  wp-image-5334\" src=\"https:\/\/www.copiepresse.be\/wp-content\/uploads\/2025\/01\/PDF_file_icon.svg.png\" data-orig-src=\"https:\/\/www.copiepresse.be\/wp-content\/uploads\/2025\/01\/PDF_file_icon.svg.png\" alt=\"\" width=\"36\" height=\"45\" srcset=\"data:image\/svg+xml,%3Csvg%20xmlns%3D%27http%3A%2F%2Fwww.w3.org%2F2000%2Fsvg%27%20width%3D%2736%27%20height%3D%2745%27%20viewBox%3D%270%200%2036%2045%27%3E%3Crect%20width%3D%2736%27%20height%3D%2745%27%20fill-opacity%3D%220%22%2F%3E%3C%2Fsvg%3E\" data-srcset=\"https:\/\/www.copiepresse.be\/wp-content\/uploads\/2025\/01\/PDF_file_icon.svg-200x246.png 200w, https:\/\/www.copiepresse.be\/wp-content\/uploads\/2025\/01\/PDF_file_icon.svg-244x300.png 244w, https:\/\/www.copiepresse.be\/wp-content\/uploads\/2025\/01\/PDF_file_icon.svg.png 400w\" data-sizes=\"auto\" data-orig-sizes=\"(max-width: 36px) 100vw, 36px\" \/><\/a><a href=\"https:\/\/www.copiepresse.be\/wp-content\/uploads\/2025\/01\/Tarifs-Copiepresse-2023.pdf\">Tarifs g\u00e9n\u00e9raux de la presse quotidienne francophone et germanophone belge de 2023 \u00e0 2025<\/a><\/p>\n<p>&nbsp;<\/p>\n<\/blockquote>\n<blockquote>\n<p><img decoding=\"async\" class=\"lazyload alignleft  wp-image-5334\" style=\"letter-spacing: 0.285px;\" src=\"https:\/\/www.copiepresse.be\/wp-content\/uploads\/2025\/01\/PDF_file_icon.svg.png\" data-orig-src=\"https:\/\/www.copiepresse.be\/wp-content\/uploads\/2025\/01\/PDF_file_icon.svg.png\" alt=\"\" width=\"36\" height=\"45\" srcset=\"data:image\/svg+xml,%3Csvg%20xmlns%3D%27http%3A%2F%2Fwww.w3.org%2F2000%2Fsvg%27%20width%3D%2736%27%20height%3D%2745%27%20viewBox%3D%270%200%2036%2045%27%3E%3Crect%20width%3D%2736%27%20height%3D%2745%27%20fill-opacity%3D%220%22%2F%3E%3C%2Fsvg%3E\" data-srcset=\"https:\/\/www.copiepresse.be\/wp-content\/uploads\/2025\/01\/PDF_file_icon.svg-200x246.png 200w, https:\/\/www.copiepresse.be\/wp-content\/uploads\/2025\/01\/PDF_file_icon.svg-244x300.png 244w, https:\/\/www.copiepresse.be\/wp-content\/uploads\/2025\/01\/PDF_file_icon.svg.png 400w\" data-sizes=\"auto\" data-orig-sizes=\"(max-width: 36px) 100vw, 36px\" \/><\/p>\n<p><a href=\"https:\/\/www.copiepresse.be\/wp-content\/uploads\/2025\/09\/Repertoire-Copiepresse-Diffusion-en-vigueur_2025.pdf\">R\u00e9pertoire Copiepresse 2025 qui reprend les titres et sites actuellement diffus\u00e9s.<\/a><\/p>\n<p>&nbsp;<\/p>\n<\/blockquote>\n<blockquote>\n<p><a href=\"\/wp-content\/uploads\/2025\/01\/Tarifs-Copiepresse-2023.pdf\" target=\"_blank\" rel=\"noopener noreferrer\"><img decoding=\"async\" class=\"lazyload alignleft  wp-image-5334\" src=\"https:\/\/www.copiepresse.be\/wp-content\/uploads\/2025\/01\/PDF_file_icon.svg.png\" data-orig-src=\"https:\/\/www.copiepresse.be\/wp-content\/uploads\/2025\/01\/PDF_file_icon.svg.png\" alt=\"\" width=\"36\" height=\"45\" srcset=\"data:image\/svg+xml,%3Csvg%20xmlns%3D%27http%3A%2F%2Fwww.w3.org%2F2000%2Fsvg%27%20width%3D%2736%27%20height%3D%2745%27%20viewBox%3D%270%200%2036%2045%27%3E%3Crect%20width%3D%2736%27%20height%3D%2745%27%20fill-opacity%3D%220%22%2F%3E%3C%2Fsvg%3E\" data-srcset=\"https:\/\/www.copiepresse.be\/wp-content\/uploads\/2025\/01\/PDF_file_icon.svg-200x246.png 200w, https:\/\/www.copiepresse.be\/wp-content\/uploads\/2025\/01\/PDF_file_icon.svg-244x300.png 244w, https:\/\/www.copiepresse.be\/wp-content\/uploads\/2025\/01\/PDF_file_icon.svg.png 400w\" data-sizes=\"auto\" data-orig-sizes=\"(max-width: 36px) 100vw, 36px\" \/><\/a><a href=\"https:\/\/www.copiepresse.be\/wp-content\/uploads\/2025\/09\/Repertoire-Copiepresse-integral_2025.pdf\" target=\"_blank\" rel=\"noopener\">R\u00e9pertoire int\u00e9gral qui reprend des titres et des sites actuellement diffus\u00e9s ainsi que des titres et des sites dont la diffusion a <\/a><a href=\"https:\/\/www.copiepresse.be\/wp-content\/uploads\/2025\/09\/Repertoire-Copiepresse-integral_2025.pdf\" target=\"_blank\" rel=\"noopener\">pris fin.<\/a><\/p>\n<\/blockquote>\n<p>&nbsp;<\/p>\n<p>&nbsp;<\/p>\n<p>Copiepresse a re\u00e7u d&rsquo;autres soci\u00e9t\u00e9s de gestion le mandat d&rsquo;octroyer, sur le territoire belge, des licences de reproduction d&rsquo;articles de presse relevant du r\u00e9pertoire de ces soci\u00e9t\u00e9s. Les r\u00e9pertoires couverts (et les tarifs correspondants) sont repris dans les documents PDF ci-apr\u00e8s. Ces documents sont r\u00e9guli\u00e8rement mis \u00e0 jour sur la base des modifications transmises par nos mandants.<\/p>\n<p>&nbsp;<\/p>\n<blockquote>\n<p>Mandat octroy\u00e9 par le <a style=\"color: var(--awb-color4);\" href=\"http:\/\/www.cfcopies.com\/V2\/\" target=\"_blank\" rel=\"noopener\">CFC<\/a> (Centre fran\u00e7ais d&rsquo;exploitation du droit de la copie) pour <strong>la presse fran\u00e7aise :<\/strong><a href=\"\/wp-content\/uploads\/2025\/01\/RepertoireCFC_Numerique_professionnel_general_septembre2011.pdf\" target=\"_blank\" rel=\"noopener noreferrer\"><img decoding=\"async\" class=\"lazyload alignleft  wp-image-5334\" src=\"https:\/\/www.copiepresse.be\/wp-content\/uploads\/2025\/01\/PDF_file_icon.svg.png\" data-orig-src=\"https:\/\/www.copiepresse.be\/wp-content\/uploads\/2025\/01\/PDF_file_icon.svg.png\" alt=\"\" width=\"36\" height=\"45\" srcset=\"data:image\/svg+xml,%3Csvg%20xmlns%3D%27http%3A%2F%2Fwww.w3.org%2F2000%2Fsvg%27%20width%3D%2736%27%20height%3D%2745%27%20viewBox%3D%270%200%2036%2045%27%3E%3Crect%20width%3D%2736%27%20height%3D%2745%27%20fill-opacity%3D%220%22%2F%3E%3C%2Fsvg%3E\" data-srcset=\"https:\/\/www.copiepresse.be\/wp-content\/uploads\/2025\/01\/PDF_file_icon.svg-200x246.png 200w, https:\/\/www.copiepresse.be\/wp-content\/uploads\/2025\/01\/PDF_file_icon.svg-244x300.png 244w, https:\/\/www.copiepresse.be\/wp-content\/uploads\/2025\/01\/PDF_file_icon.svg.png 400w\" data-sizes=\"auto\" data-orig-sizes=\"(max-width: 36px) 100vw, 36px\" \/><\/a><br \/><a href=\"\/wp-content\/uploads\/2025\/01\/RepertoireCFC_Numerique_professionnel_general_septembre2011.pdf\" target=\"_blank\" rel=\"noopener noreferrer\"><span style=\"color: #333333;\">R\u00e9pertoire et tarifs presse fran\u00e7aise (document PDF t\u00e9l\u00e9chargeable)<\/span><\/a><\/p>\n<\/blockquote>\n<blockquote>\n<p>Mandat octroy\u00e9 par <a style=\"color: var(--awb-color4);\" href=\"http:\/\/www.luxorr.lu\/\" target=\"_blank\" rel=\"noopener\">Luxorr<\/a> pour la <strong>presse luxembourgeoise <\/strong>:<img decoding=\"async\" class=\"lazyload alignleft  wp-image-5334\" src=\"https:\/\/www.copiepresse.be\/wp-content\/uploads\/2025\/01\/PDF_file_icon.svg.png\" data-orig-src=\"https:\/\/www.copiepresse.be\/wp-content\/uploads\/2025\/01\/PDF_file_icon.svg.png\" alt=\"\" width=\"36\" height=\"45\" srcset=\"data:image\/svg+xml,%3Csvg%20xmlns%3D%27http%3A%2F%2Fwww.w3.org%2F2000%2Fsvg%27%20width%3D%2736%27%20height%3D%2745%27%20viewBox%3D%270%200%2036%2045%27%3E%3Crect%20width%3D%2736%27%20height%3D%2745%27%20fill-opacity%3D%220%22%2F%3E%3C%2Fsvg%3E\" data-srcset=\"https:\/\/www.copiepresse.be\/wp-content\/uploads\/2025\/01\/PDF_file_icon.svg-200x246.png 200w, https:\/\/www.copiepresse.be\/wp-content\/uploads\/2025\/01\/PDF_file_icon.svg-244x300.png 244w, https:\/\/www.copiepresse.be\/wp-content\/uploads\/2025\/01\/PDF_file_icon.svg.png 400w\" data-sizes=\"auto\" data-orig-sizes=\"(max-width: 36px) 100vw, 36px\" \/><span style=\"color: rgba(0, 0, 0, 0);\"><br \/><a style=\"color: var(--awb-color6);\" href=\"\/wp-content\/uploads\/2025\/01\/Tarifs-Copiepresse-2023.pdf\" target=\"_blank\" rel=\"noopener noreferrer\">R\u00e9pertoire et tarifs presse luxembourgeoise (document PDF t\u00e9l\u00e9chargeable)<\/a><\/span><\/p>\n<\/blockquote>\n<p>&nbsp;<\/p>\n<p>Collaboration avec <a style=\"color: var(--awb-color4);\" href=\"http:\/\/www.license2publish.be\/\" target=\"_blank\" rel=\"noopener\">License2Publish<\/a> <strong>pour la presse n\u00e9erlandophone belge.<\/strong><\/p>\n<p>Collaboration avec <a style=\"color: var(--awb-color4);\" href=\"http:\/\/www.repropress.be\/\" target=\"_blank\" rel=\"noopener\">Repropress<\/a><strong> pour la presse p\u00e9riodique belge.<\/strong><\/p>\n<p>Accord de repr\u00e9sentation avec <a style=\"color: var(--awb-color4);\" href=\"https:\/\/www.nlamediaaccess.com\/\" target=\"_blank\" rel=\"noopener\">NLA<\/a> et <a style=\"color: var(--awb-color4);\" href=\"http:\/\/www.license2publish.be\/\" target=\"_blank\" rel=\"noopener\">License2Publish<\/a> pour la repr\u00e9sentation r\u00e9ciproque et la perception des r\u00e9mun\u00e9rations de droits de reprographie (journaux uniquement).<\/p>\n<p>Mandat octroy\u00e9 \u00e0 <a style=\"color: var(--awb-color4);\" href=\"https:\/\/www.belga.be\/\" target=\"_blank\" rel=\"noopener\">Belga<\/a> pour les droits d\u2019utilisations secondaires d\u2019articles de presse.<\/p>\n<p>&nbsp;<\/p><\/p>\n<\/div><\/div><\/div><\/div><\/div>","protected":false},"excerpt":{"rendered":"","protected":false},"author":1,"featured_media":0,"parent":0,"menu_order":0,"comment_status":"closed","ping_status":"closed","template":"","meta":{"footnotes":""},"class_list":["post-5239","page","type-page","status-publish","hentry"],"_links":{"self":[{"href":"https:\/\/www.copiepresse.be\/index.php?rest_route=\/wp\/v2\/pages\/5239","targetHints":{"allow":["GET"]}}],"collection":[{"href":"https:\/\/www.copiepresse.be\/index.php?rest_route=\/wp\/v2\/pages"}],"about":[{"href":"https:\/\/www.copiepresse.be\/index.php?rest_route=\/wp\/v2\/types\/page"}],"author":[{"embeddable":true,"href":"https:\/\/www.copiepresse.be\/index.php?rest_route=\/wp\/v2\/users\/1"}],"replies":[{"embeddable":true,"href":"https:\/\/www.copiepresse.be\/index.php?rest_route=%2Fwp%2Fv2%2Fcomments&post=5239"}],"version-history":[{"count":38,"href":"https:\/\/www.copiepresse.be\/index.php?rest_route=\/wp\/v2\/pages\/5239\/revisions"}],"predecessor-version":[{"id":6041,"href":"https:\/\/www.copiepresse.be\/index.php?rest_route=\/wp\/v2\/pages\/5239\/revisions\/6041"}],"wp:attachment":[{"href":"https:\/\/www.copiepresse.be\/index.php?rest_route=%2Fwp%2Fv2%2Fmedia&parent=5239"}],"curies":[{"name":"wp","href":"https:\/\/api.w.org\/{rel}","templated":true}]}}