{"id":5235,"date":"2024-10-04T08:46:40","date_gmt":"2024-10-04T06:46:40","guid":{"rendered":"http:\/\/localhost:8888\/?page_id=5235"},"modified":"2025-09-26T16:57:28","modified_gmt":"2025-09-26T14:57:28","slug":"comment-obtenir-une-licence","status":"publish","type":"page","link":"https:\/\/www.copiepresse.be\/?page_id=5235","title":{"rendered":"Comment obtenir une licence?"},"content":{"rendered":"<div class=\"fusion-fullwidth fullwidth-box fusion-builder-row-1 fusion-flex-container nonhundred-percent-fullwidth non-hundred-percent-height-scrolling\" style=\"--awb-border-radius-top-left:0px;--awb-border-radius-top-right:0px;--awb-border-radius-bottom-right:0px;--awb-border-radius-bottom-left:0px;--awb-flex-wrap:wrap;\" ><div class=\"fusion-builder-row fusion-row fusion-flex-align-items-flex-start fusion-flex-content-wrap\" style=\"max-width:1216.8px;margin-left: calc(-4% \/ 2 );margin-right: calc(-4% \/ 2 );\"><div class=\"fusion-layout-column fusion_builder_column fusion-builder-column-0 fusion_builder_column_1_1 1_1 fusion-flex-column\" style=\"--awb-bg-blend:overlay;--awb-bg-size:cover;--awb-width-large:100%;--awb-margin-top-large:0px;--awb-spacing-right-large:1.92%;--awb-margin-bottom-large:0px;--awb-spacing-left-large:1.92%;--awb-width-medium:100%;--awb-spacing-right-medium:1.92%;--awb-spacing-left-medium:1.92%;--awb-width-small:100%;--awb-spacing-right-small:1.92%;--awb-spacing-left-small:1.92%;\"><div class=\"fusion-column-wrapper fusion-flex-justify-content-flex-start fusion-content-layout-column\"><div class=\"fusion-text fusion-text-1\"><h3 data-fontsize=\"25\" data-lineheight=\"33.75px\" class=\"fusion-responsive-typography-calculated\" style=\"--fontSize: 25; line-height: 1.35;\">COMMENT OBTENIR UNE LICENCE ?<\/h3>\n<p>Pour tous les usages ne r\u00e9pondant pas aux conditions des licences l\u00e9gales, donc notamment pour mettre les publications dans une banque de donn\u00e9es, sur un site internet, intranet ou extranet, les modifier, les communiquer par mail ou en faire un usage commercial ou promotionnel, l\u2019utilisateur doit obtenir une autorisation pr\u00e9alable aupr\u00e8s de l\u2019ayant droit.<\/p>\n<p>Pour les contenus de presse, c\u2019est l\u2019\u00e9diteur qui est ayant droit pour ce qui touche \u00e0 l\u2019exploitation \u00e9conomique des \u0153uvres (c\u2019est-\u00e0-dire les droits patrimoniaux).<\/p>\n<p>Comme la gestion de droits est une t\u00e2che sp\u00e9cifique, les \u00e9diteurs de presse quotidienne francophone et germanophone ont d\u00e9cid\u00e9 de confier exclusivement \u00e0 Copiepresse la mission d\u2019octroyer des licences pour tous les usages secondaires.<\/p>\n<p><strong>Copiepresse est donc le guichet unique en la mati\u00e8re pour les \u00e9diteurs qu\u2019elle repr\u00e9sente.<\/strong><\/p>\n<p>Toute demande peut lui \u00eatre adress\u00e9e par mail: <a href=\"mailto:info@copiepress.be\" target=\"_blank\" rel=\"noopener noreferrer\">info@copiepress.be<\/a>. <\/p>\n<p>Gr\u00e2ce \u00e0 la signature d\u2019accords de r\u00e9ciprocit\u00e9 internationaux, elle peut d\u00e9sormais \u00e9galement d\u00e9livrer certaines licences sur des titres fran\u00e7ais et luxembourgeois.<\/p>\n<p>Chaque demande d\u2019autorisation est examin\u00e9e avec attention. Une r\u00e9mun\u00e9ration est alors \u00e9ventuellement calcul\u00e9e en tenant compte de l\u2019usage envisag\u00e9.<\/p>\n<p>Si, pour l\u2019utilisation d\u2019un article, d\u2019une photo, d\u2019une infographie, \u2026, Copiepresse devait constater qu\u2019une question se pose quant \u00e0 la titularit\u00e9 des droits patrimoniaux, elle s\u2019engage \u00e0 proc\u00e9der aux recherches n\u00e9cessaires et \u00e0 renvoyer l\u2019utilisateur vers l\u2019ayant droit ou la soci\u00e9t\u00e9 de gestion concern\u00e9s.<\/p>\n<p><strong>En cas d\u2019usage sans autorisation pr\u00e9alable ou apr\u00e8s un refus, il y a atteinte aux droits des \u00e9diteurs. Copiepresse peut agir en justice contre l\u2019utilisateur concern\u00e9.<\/strong><\/p><\/p>\n<\/div><\/div><\/div><\/div><\/div><!-- \/wp:post-content -->","protected":false},"excerpt":{"rendered":"","protected":false},"author":1,"featured_media":0,"parent":0,"menu_order":0,"comment_status":"closed","ping_status":"closed","template":"","meta":{"footnotes":""},"class_list":["post-5235","page","type-page","status-publish","hentry"],"_links":{"self":[{"href":"https:\/\/www.copiepresse.be\/index.php?rest_route=\/wp\/v2\/pages\/5235","targetHints":{"allow":["GET"]}}],"collection":[{"href":"https:\/\/www.copiepresse.be\/index.php?rest_route=\/wp\/v2\/pages"}],"about":[{"href":"https:\/\/www.copiepresse.be\/index.php?rest_route=\/wp\/v2\/types\/page"}],"author":[{"embeddable":true,"href":"https:\/\/www.copiepresse.be\/index.php?rest_route=\/wp\/v2\/users\/1"}],"replies":[{"embeddable":true,"href":"https:\/\/www.copiepresse.be\/index.php?rest_route=%2Fwp%2Fv2%2Fcomments&post=5235"}],"version-history":[{"count":7,"href":"https:\/\/www.copiepresse.be\/index.php?rest_route=\/wp\/v2\/pages\/5235\/revisions"}],"predecessor-version":[{"id":5957,"href":"https:\/\/www.copiepresse.be\/index.php?rest_route=\/wp\/v2\/pages\/5235\/revisions\/5957"}],"wp:attachment":[{"href":"https:\/\/www.copiepresse.be\/index.php?rest_route=%2Fwp%2Fv2%2Fmedia&parent=5235"}],"curies":[{"name":"wp","href":"https:\/\/api.w.org\/{rel}","templated":true}]}}