{"id":5233,"date":"2024-10-04T08:45:18","date_gmt":"2024-10-04T06:45:18","guid":{"rendered":"http:\/\/localhost:8888\/?page_id=5233"},"modified":"2025-09-26T16:29:50","modified_gmt":"2025-09-26T14:29:50","slug":"declaration-faq","status":"publish","type":"page","link":"https:\/\/www.copiepresse.be\/?page_id=5233","title":{"rendered":"D\u00e9claration &#8211; FAQ"},"content":{"rendered":"<div class=\"fusion-fullwidth fullwidth-box fusion-builder-row-1 fusion-flex-container nonhundred-percent-fullwidth non-hundred-percent-height-scrolling\" style=\"--awb-border-radius-top-left:0px;--awb-border-radius-top-right:0px;--awb-border-radius-bottom-right:0px;--awb-border-radius-bottom-left:0px;--awb-flex-wrap:wrap;\" ><div class=\"fusion-builder-row fusion-row fusion-flex-align-items-flex-start fusion-flex-content-wrap\" style=\"max-width:1216.8px;margin-left: calc(-4% \/ 2 );margin-right: calc(-4% \/ 2 );\"><div class=\"fusion-layout-column fusion_builder_column fusion-builder-column-0 fusion_builder_column_1_1 1_1 fusion-flex-column\" style=\"--awb-bg-size:cover;--awb-width-large:100%;--awb-margin-top-large:0px;--awb-spacing-right-large:1.92%;--awb-margin-bottom-large:0px;--awb-spacing-left-large:1.92%;--awb-width-medium:100%;--awb-spacing-right-medium:1.92%;--awb-spacing-left-medium:1.92%;--awb-width-small:100%;--awb-spacing-right-small:1.92%;--awb-spacing-left-small:1.92%;\"><div class=\"fusion-column-wrapper fusion-flex-justify-content-flex-start fusion-content-layout-column\"><div class=\"fusion-text fusion-text-1\"><p>Vous avez une question? Nous vous invitons \u00e0 consulter nos FAQ <u><span style=\"color: rgba(0, 0, 0, 0);\"><a style=\"color: var(--awb-color4);\" href=\"\/wp-content\/uploads\/2024\/10\/FAQ_mai_2012.pdf\" target=\"_blank\" rel=\"noopener noreferrer\">ici<\/a><\/span><\/u><\/p>\n<p><span style=\"color: var(--awb-text-color); font-family: var(--awb-text-font-family); font-size: var(--awb-font-size); font-style: var(--awb-text-font-style); font-weight: var(--awb-text-font-weight); letter-spacing: var(--awb-letter-spacing); text-align: var(--awb-content-alignment); text-transform: var(--awb-text-transform); background-color: var(--awb-bg-color-hover);\">Vous ne trouvez pas la r\u00e9ponse \u00e0 votre question : envoyez un mail \u00e0 <a style=\"color: var(--awb-color4);\" href=\"mailto:info@copiepresse.be\">info@copiepresse.be<\/a> ou t\u00e9l\u00e9phonez nous au 02 558 97 80<\/span><\/p><\/p>\n<\/div><\/div><\/div><\/div><\/div><!-- \/wp:post-content -->","protected":false},"excerpt":{"rendered":"","protected":false},"author":1,"featured_media":0,"parent":0,"menu_order":0,"comment_status":"closed","ping_status":"closed","template":"","meta":{"footnotes":""},"class_list":["post-5233","page","type-page","status-publish","hentry"],"_links":{"self":[{"href":"https:\/\/www.copiepresse.be\/index.php?rest_route=\/wp\/v2\/pages\/5233","targetHints":{"allow":["GET"]}}],"collection":[{"href":"https:\/\/www.copiepresse.be\/index.php?rest_route=\/wp\/v2\/pages"}],"about":[{"href":"https:\/\/www.copiepresse.be\/index.php?rest_route=\/wp\/v2\/types\/page"}],"author":[{"embeddable":true,"href":"https:\/\/www.copiepresse.be\/index.php?rest_route=\/wp\/v2\/users\/1"}],"replies":[{"embeddable":true,"href":"https:\/\/www.copiepresse.be\/index.php?rest_route=%2Fwp%2Fv2%2Fcomments&post=5233"}],"version-history":[{"count":7,"href":"https:\/\/www.copiepresse.be\/index.php?rest_route=\/wp\/v2\/pages\/5233\/revisions"}],"predecessor-version":[{"id":5945,"href":"https:\/\/www.copiepresse.be\/index.php?rest_route=\/wp\/v2\/pages\/5233\/revisions\/5945"}],"wp:attachment":[{"href":"https:\/\/www.copiepresse.be\/index.php?rest_route=%2Fwp%2Fv2%2Fmedia&parent=5233"}],"curies":[{"name":"wp","href":"https:\/\/api.w.org\/{rel}","templated":true}]}}