{"id":5229,"date":"2024-10-04T08:42:41","date_gmt":"2024-10-04T06:42:41","guid":{"rendered":"http:\/\/localhost:8888\/?page_id=5229"},"modified":"2025-09-15T16:27:34","modified_gmt":"2025-09-15T14:27:34","slug":"formulaire-de-declaration","status":"publish","type":"page","link":"https:\/\/www.copiepresse.be\/?page_id=5229","title":{"rendered":"Formulaire de d\u00e9claration"},"content":{"rendered":"<div class=\"fusion-fullwidth fullwidth-box fusion-builder-row-1 fusion-flex-container nonhundred-percent-fullwidth non-hundred-percent-height-scrolling\" style=\"--awb-border-radius-top-left:0px;--awb-border-radius-top-right:0px;--awb-border-radius-bottom-right:0px;--awb-border-radius-bottom-left:0px;--awb-flex-wrap:wrap;\" ><div class=\"fusion-builder-row fusion-row fusion-flex-align-items-flex-start fusion-flex-content-wrap\" style=\"max-width:1216.8px;margin-left: calc(-4% \/ 2 );margin-right: calc(-4% \/ 2 );\"><div class=\"fusion-layout-column fusion_builder_column fusion-builder-column-0 fusion_builder_column_1_1 1_1 fusion-flex-column\" style=\"--awb-bg-blend:overlay;--awb-bg-size:cover;--awb-width-large:100%;--awb-margin-top-large:0px;--awb-spacing-right-large:1.92%;--awb-margin-bottom-large:0px;--awb-spacing-left-large:1.92%;--awb-width-medium:100%;--awb-spacing-right-medium:1.92%;--awb-spacing-left-medium:1.92%;--awb-width-small:100%;--awb-spacing-right-small:1.92%;--awb-spacing-left-small:1.92%;\"><div class=\"fusion-column-wrapper fusion-flex-justify-content-flex-start fusion-content-layout-column\"><div class=\"fusion-text fusion-text-1\" style=\"--awb-content-alignment:center;\"><h3 style=\"text-align: left; --fontSize: 25; line-height: 1.35;\" data-fontsize=\"25\" data-lineheight=\"33.75px\" class=\"fusion-responsive-typography-calculated\">Formulaire commun : journaux francophones (Copiepresse), journaux n\u00e9erlandophones (License2Publish, ex: Reprocopy) et presse p\u00e9riodique (Repropress)<\/h3>\n<p><br><\/p>\n<p style=\"text-align: left;\"><img decoding=\"async\" class=\"lazyload alignleft wp-image-5334\" src=\"https:\/\/www.copiepresse.be\/wp-content\/uploads\/2025\/01\/PDF_file_icon.svg.png\" data-orig-src=\"https:\/\/www.copiepresse.be\/wp-content\/uploads\/2025\/01\/PDF_file_icon.svg.png\" alt=\"\" width=\"54\" height=\"66\" srcset=\"data:image\/svg+xml,%3Csvg%20xmlns%3D%27http%3A%2F%2Fwww.w3.org%2F2000%2Fsvg%27%20width%3D%2754%27%20height%3D%2766%27%20viewBox%3D%270%200%2054%2066%27%3E%3Crect%20width%3D%2754%27%20height%3D%2766%27%20fill-opacity%3D%220%22%2F%3E%3C%2Fsvg%3E\" data-srcset=\"https:\/\/www.copiepresse.be\/wp-content\/uploads\/2025\/01\/PDF_file_icon.svg-200x246.png 200w, https:\/\/www.copiepresse.be\/wp-content\/uploads\/2025\/01\/PDF_file_icon.svg-244x300.png 244w, https:\/\/www.copiepresse.be\/wp-content\/uploads\/2025\/01\/PDF_file_icon.svg.png 400w\" data-sizes=\"auto\" data-orig-sizes=\"(max-width: 54px) 100vw, 54px\" \/>Formulaire g\u00e9n\u00e9ral de d\u00e9claration:<br>\nVersion <a href=\"https:\/\/www.copiepresse.be\/wp-content\/uploads\/2025\/09\/1.-Formulaire-normal-annee-de-consommation-2024-FR-CP-L2P-RPP.pdf\" target=\"_blank\" rel=\"noopener\">FR <\/a>&#8211; version <a href=\"https:\/\/www.copiepresse.be\/wp-content\/uploads\/2025\/09\/2.-Formulaire-normal-annee-de-consommation-2024-EN-CP-L2P-RPP.pdf\" target=\"_blank\" rel=\"noopener\">EN <\/a>&#8211; version <a href=\"https:\/\/www.copiepresse.be\/wp-content\/uploads\/2025\/09\/3.-Formulaire-normal-annee-de-consommation-2024-NL-CP-L2P-RPP.pdf\" target=\"_blank\" rel=\"noopener\">NL<\/a><\/p>\n<p style=\"text-align: left;\"><br><\/p>\n<p style=\"text-align: left;\"><img decoding=\"async\" class=\"lazyload alignleft wp-image-5334\" src=\"https:\/\/www.copiepresse.be\/wp-content\/uploads\/2025\/01\/PDF_file_icon.svg.png\" data-orig-src=\"https:\/\/www.copiepresse.be\/wp-content\/uploads\/2025\/01\/PDF_file_icon.svg.png\" alt=\"\" width=\"54\" height=\"66\" srcset=\"data:image\/svg+xml,%3Csvg%20xmlns%3D%27http%3A%2F%2Fwww.w3.org%2F2000%2Fsvg%27%20width%3D%2754%27%20height%3D%2766%27%20viewBox%3D%270%200%2054%2066%27%3E%3Crect%20width%3D%2754%27%20height%3D%2766%27%20fill-opacity%3D%220%22%2F%3E%3C%2Fsvg%3E\" data-srcset=\"https:\/\/www.copiepresse.be\/wp-content\/uploads\/2025\/01\/PDF_file_icon.svg-200x246.png 200w, https:\/\/www.copiepresse.be\/wp-content\/uploads\/2025\/01\/PDF_file_icon.svg-244x300.png 244w, https:\/\/www.copiepresse.be\/wp-content\/uploads\/2025\/01\/PDF_file_icon.svg.png 400w\" data-sizes=\"auto\" data-orig-sizes=\"(max-width: 54px) 100vw, 54px\" \/><\/p>\n<p style=\"text-align: left;\">Formulaire de d\u00e9clara<u>t<\/u>ion par les soci\u00e9t\u00e9s de relations publiques:<br>\nVersion <a href=\"https:\/\/www.copiepresse.be\/wp-content\/uploads\/2025\/09\/4.-Formulaire-PR-annee-de-consommation-2024-FR-CP-L2P-RPP.pdf\" target=\"_blank\" rel=\"noopener\">FR<\/a> &#8211; version <a href=\"https:\/\/www.copiepresse.be\/wp-content\/uploads\/2025\/09\/5.-Formulaire-PR-annee-de-consommation-2024-EN-CP-L2P-RPP.pdf\" target=\"_blank\" rel=\"noopener\">EN <\/a>&#8211; version <a href=\"https:\/\/www.copiepresse.be\/wp-content\/uploads\/2025\/09\/6.-Formulaire-PR-annee-de-consommation-2024-NL-CP-L2P-RPP.pdf\" target=\"_blank\" rel=\"noopener\">NL<\/a><\/p>\n<h3 data-fontsize=\"25\" data-lineheight=\"33.75px\" class=\"fusion-responsive-typography-calculated\" style=\"--fontSize: 25; line-height: 1.35;\"><\/h3>\n<h3 style=\"text-align: left; --fontSize: 25; line-height: 1.35;\" data-fontsize=\"25\" data-lineheight=\"33.75px\" class=\"fusion-responsive-typography-calculated\"><br><\/h3>\n<h3 style=\"text-align: left; --fontSize: 25; line-height: 1.35;\" data-fontsize=\"25\" data-lineheight=\"33.75px\" class=\"fusion-responsive-typography-calculated\">Formulaire concernant uniquement le r\u00e9pertoire de Copiepresse et de Repropress:<\/h3>\n<p><br><\/p>\n<p style=\"text-align: left;\"><img decoding=\"async\" class=\"lazyload alignleft wp-image-5334\" src=\"https:\/\/www.copiepresse.be\/wp-content\/uploads\/2025\/01\/PDF_file_icon.svg.png\" data-orig-src=\"https:\/\/www.copiepresse.be\/wp-content\/uploads\/2025\/01\/PDF_file_icon.svg.png\" alt=\"\" width=\"54\" height=\"66\" srcset=\"data:image\/svg+xml,%3Csvg%20xmlns%3D%27http%3A%2F%2Fwww.w3.org%2F2000%2Fsvg%27%20width%3D%2754%27%20height%3D%2766%27%20viewBox%3D%270%200%2054%2066%27%3E%3Crect%20width%3D%2754%27%20height%3D%2766%27%20fill-opacity%3D%220%22%2F%3E%3C%2Fsvg%3E\" data-srcset=\"https:\/\/www.copiepresse.be\/wp-content\/uploads\/2025\/01\/PDF_file_icon.svg-200x246.png 200w, https:\/\/www.copiepresse.be\/wp-content\/uploads\/2025\/01\/PDF_file_icon.svg-244x300.png 244w, https:\/\/www.copiepresse.be\/wp-content\/uploads\/2025\/01\/PDF_file_icon.svg.png 400w\" data-sizes=\"auto\" data-orig-sizes=\"(max-width: 54px) 100vw, 54px\" \/>Formulaire g\u00e9n\u00e9ral de d\u00e9claration:<br>\nVersion <a href=\"https:\/\/www.copiepresse.be\/wp-content\/uploads\/2025\/09\/7.-Formulaire-normal-annee-de-consommation-2024-FR-CP-RPP.pdf\" target=\"_blank\" rel=\"noopener\">FR<\/a> &#8211; version <a href=\"https:\/\/www.copiepresse.be\/wp-content\/uploads\/2025\/09\/8.-Formulaire-normal-annee-de-consommation-2024-EN-CP-RPP.pdf\" target=\"_blank\" rel=\"noopener\">EN<\/a> &#8211; version <a href=\"https:\/\/www.copiepresse.be\/wp-content\/uploads\/2025\/09\/9.-Formulaire-normal-annee-de-consommation-2024-NL-CP-RPP.pdf\" target=\"_blank\" rel=\"noopener\">NL<\/a><\/p>\n<p style=\"text-align: left;\"><br><\/p>\n<p style=\"text-align: left;\"><img decoding=\"async\" class=\"lazyload alignleft wp-image-5334\" src=\"https:\/\/www.copiepresse.be\/wp-content\/uploads\/2025\/01\/PDF_file_icon.svg.png\" data-orig-src=\"https:\/\/www.copiepresse.be\/wp-content\/uploads\/2025\/01\/PDF_file_icon.svg.png\" alt=\"\" width=\"54\" height=\"66\" srcset=\"data:image\/svg+xml,%3Csvg%20xmlns%3D%27http%3A%2F%2Fwww.w3.org%2F2000%2Fsvg%27%20width%3D%2754%27%20height%3D%2766%27%20viewBox%3D%270%200%2054%2066%27%3E%3Crect%20width%3D%2754%27%20height%3D%2766%27%20fill-opacity%3D%220%22%2F%3E%3C%2Fsvg%3E\" data-srcset=\"https:\/\/www.copiepresse.be\/wp-content\/uploads\/2025\/01\/PDF_file_icon.svg-200x246.png 200w, https:\/\/www.copiepresse.be\/wp-content\/uploads\/2025\/01\/PDF_file_icon.svg-244x300.png 244w, https:\/\/www.copiepresse.be\/wp-content\/uploads\/2025\/01\/PDF_file_icon.svg.png 400w\" data-sizes=\"auto\" data-orig-sizes=\"(max-width: 54px) 100vw, 54px\" \/><\/p>\n<p style=\"text-align: left;\">Formulaire de d\u00e9claration par les soci\u00e9t\u00e9s de relations publiques:<br>\nVersion <a href=\"https:\/\/www.copiepresse.be\/wp-content\/uploads\/2025\/09\/10.-Formulaire-PR-annee-de-consommation-2024-FR-CP-RPP.pdf\" target=\"_blank\" rel=\"noopener\">FR<\/a> &#8211; version <a href=\"https:\/\/www.copiepresse.be\/wp-content\/uploads\/2025\/09\/11.-Formulaire-PR-annee-de-consommation-2024-EN-CP-RPP.pdf\" target=\"_blank\" rel=\"noopener\">EN<\/a> &#8211; version <a href=\"https:\/\/www.copiepresse.be\/wp-content\/uploads\/2025\/09\/12.-Formulaire-PR-annee-de-consomation-2024-NL-CP-RPP.pdf\" target=\"_blank\" rel=\"noopener\">NL<\/a><\/p><\/p>\n<\/div><\/div><\/div><\/div><\/div><!-- \/wp:post-content -->","protected":false},"excerpt":{"rendered":"","protected":false},"author":1,"featured_media":0,"parent":0,"menu_order":0,"comment_status":"closed","ping_status":"closed","template":"","meta":{"footnotes":""},"class_list":["post-5229","page","type-page","status-publish","hentry"],"_links":{"self":[{"href":"https:\/\/www.copiepresse.be\/index.php?rest_route=\/wp\/v2\/pages\/5229","targetHints":{"allow":["GET"]}}],"collection":[{"href":"https:\/\/www.copiepresse.be\/index.php?rest_route=\/wp\/v2\/pages"}],"about":[{"href":"https:\/\/www.copiepresse.be\/index.php?rest_route=\/wp\/v2\/types\/page"}],"author":[{"embeddable":true,"href":"https:\/\/www.copiepresse.be\/index.php?rest_route=\/wp\/v2\/users\/1"}],"replies":[{"embeddable":true,"href":"https:\/\/www.copiepresse.be\/index.php?rest_route=%2Fwp%2Fv2%2Fcomments&post=5229"}],"version-history":[{"count":12,"href":"https:\/\/www.copiepresse.be\/index.php?rest_route=\/wp\/v2\/pages\/5229\/revisions"}],"predecessor-version":[{"id":5878,"href":"https:\/\/www.copiepresse.be\/index.php?rest_route=\/wp\/v2\/pages\/5229\/revisions\/5878"}],"wp:attachment":[{"href":"https:\/\/www.copiepresse.be\/index.php?rest_route=%2Fwp%2Fv2%2Fmedia&parent=5229"}],"curies":[{"name":"wp","href":"https:\/\/api.w.org\/{rel}","templated":true}]}}