{"id":2,"date":"2024-09-11T10:03:34","date_gmt":"2024-09-11T08:03:34","guid":{"rendered":"http:\/\/localhost:8888\/?page_id=2"},"modified":"2025-09-26T16:43:05","modified_gmt":"2025-09-26T14:43:05","slug":"page-d-exemple","status":"publish","type":"page","link":"https:\/\/www.copiepresse.be\/?page_id=2","title":{"rendered":"Liens"},"content":{"rendered":"<div class=\"fusion-fullwidth fullwidth-box fusion-builder-row-1 fusion-flex-container nonhundred-percent-fullwidth non-hundred-percent-height-scrolling\" style=\"--awb-border-radius-top-left:0px;--awb-border-radius-top-right:0px;--awb-border-radius-bottom-right:0px;--awb-border-radius-bottom-left:0px;--awb-flex-wrap:wrap;\" ><div class=\"fusion-builder-row fusion-row fusion-flex-align-items-flex-start fusion-flex-content-wrap\" style=\"max-width:1216.8px;margin-left: calc(-4% \/ 2 );margin-right: calc(-4% \/ 2 );\"><div class=\"fusion-layout-column fusion_builder_column fusion-builder-column-0 fusion_builder_column_1_1 1_1 fusion-flex-column\" style=\"--awb-bg-size:cover;--awb-width-large:100%;--awb-margin-top-large:0px;--awb-spacing-right-large:1.92%;--awb-margin-bottom-large:0px;--awb-spacing-left-large:1.92%;--awb-width-medium:100%;--awb-spacing-right-medium:1.92%;--awb-spacing-left-medium:1.92%;--awb-width-small:100%;--awb-spacing-right-small:1.92%;--awb-spacing-left-small:1.92%;\"><div class=\"fusion-column-wrapper fusion-flex-justify-content-flex-start fusion-content-layout-column\"><div class=\"fusion-text fusion-text-1\"><\/p>\n<p><b>Auvibel<\/b>   (<a href=\"https:\/\/www.auvibel.be\">https:\/\/www.auvibel.be<\/a>)<\/p>\n<p>Auvibel est la soci\u00e9t\u00e9 de gestion centrale qui est charg\u00e9e en Belgique des perceptions et des r\u00e9partitions aux auteurs, \u00e9diteurs, producteurs et artistes interpr\u00e8tes des r\u00e9mun\u00e9rations pour la copie priv\u00e9e. <\/p>\n<p><b>Reprobel<\/b> ( <a href=\"https:\/\/www.reprobel.be\">https:\/\/www.reprobel.be<\/a>)<\/p>\n<p>Reprobel est la soci\u00e9t\u00e9 de gestion centrale qui est charg\u00e9e en Belgique des perceptions et des r\u00e9partitions aux auteurs et aux \u00e9diteurs des r\u00e9mun\u00e9rations pour la reprographie, le pr\u00eat public et l&rsquo;exception pour enseignement et recherche scientifique.<\/p>\n<p><b>LA PRESSE.be<\/b> (<a href=\"https:\/\/lapresse.be\">https:\/\/lapresse.be<\/a>)<\/p>\n<p>LA PRESSE.be est L&rsquo;Alliance des m\u00e9dias d\u2019information, repr\u00e9sentative des \u00e9diteurs de presse quotidienne francophone et germanophone belge.<\/p><\/p>\n<\/div><\/div><\/div><\/div><\/div>","protected":false},"excerpt":{"rendered":"","protected":false},"author":1,"featured_media":0,"parent":0,"menu_order":0,"comment_status":"closed","ping_status":"closed","template":"","meta":{"footnotes":""},"class_list":["post-2","page","type-page","status-publish","hentry"],"_links":{"self":[{"href":"https:\/\/www.copiepresse.be\/index.php?rest_route=\/wp\/v2\/pages\/2","targetHints":{"allow":["GET"]}}],"collection":[{"href":"https:\/\/www.copiepresse.be\/index.php?rest_route=\/wp\/v2\/pages"}],"about":[{"href":"https:\/\/www.copiepresse.be\/index.php?rest_route=\/wp\/v2\/types\/page"}],"author":[{"embeddable":true,"href":"https:\/\/www.copiepresse.be\/index.php?rest_route=\/wp\/v2\/users\/1"}],"replies":[{"embeddable":true,"href":"https:\/\/www.copiepresse.be\/index.php?rest_route=%2Fwp%2Fv2%2Fcomments&post=2"}],"version-history":[{"count":4,"href":"https:\/\/www.copiepresse.be\/index.php?rest_route=\/wp\/v2\/pages\/2\/revisions"}],"predecessor-version":[{"id":5950,"href":"https:\/\/www.copiepresse.be\/index.php?rest_route=\/wp\/v2\/pages\/2\/revisions\/5950"}],"wp:attachment":[{"href":"https:\/\/www.copiepresse.be\/index.php?rest_route=%2Fwp%2Fv2%2Fmedia&parent=2"}],"curies":[{"name":"wp","href":"https:\/\/api.w.org\/{rel}","templated":true}]}}